{"id":1441,"date":"2026-01-07T06:40:55","date_gmt":"2026-01-07T06:40:55","guid":{"rendered":"https:\/\/keenher.com\/?post_type=product&#038;p=1441"},"modified":"2026-01-07T06:54:22","modified_gmt":"2026-01-07T06:54:22","slug":"copia-lingerie-biancheria-intima-traspirante","status":"publish","type":"product","link":"https:\/\/keenher.com\/it\/product\/copia-lingerie-biancheria-intima-traspirante\/","title":{"rendered":"Biancheria intima traspirante"},"content":{"rendered":"<p>Biancheria intima traspirante<\/p>\n<p>I nostri prodotti di lingerie sono progettati e realizzati professionalmente per marchi globali di lingerie e marchi privati. In qualit\u00e0 di produttore esperto di lingerie OEM e ODM, ci concentriamo su comfort, vestibilit\u00e0 precisa e qualit\u00e0 di produzione costante. Dalla selezione dei tessuti e lo sviluppo dei modelli alla campionatura e alla produzione in serie,<\/p>\n<p>Lingerie<\/p>\n<p>I nostri prodotti di lingerie sono progettati e realizzati professionalmente per marchi di lingerie globali e private label. In qualit\u00e0 di produttore esperto di lingerie OEM e ODM, ci concentriamo su comfort, vestibilit\u00e0 precisa e qualit\u00e0 di produzione costante. Dalla selezione dei tessuti e lo sviluppo dei modelli alla campionatura e alla produzione in serie, le nostre soluzioni di lingerie supportano una produzione scalabile, tempi di consegna stabili e consegne affidabili per la crescita del marchio.<\/p>\n<table>\n<tbody>\n<tr>\n<td><img decoding=\"async\" class=\"lazyload alignnone wp-image-1405 size-full\" src=\"https:\/\/keenher.com\/wp-content\/uploads\/2026\/01\/8.jpg\" data-orig-src=\"https:\/\/keenher.com\/wp-content\/uploads\/2026\/01\/8.jpg\" alt=\"Biancheria intima traspirante\" width=\"679\" height=\"849\" srcset=\"data:image\/svg+xml,%3Csvg%20xmlns%3D%27http%3A%2F%2Fwww.w3.org%2F2000%2Fsvg%27%20width%3D%27679%27%20height%3D%27849%27%20viewBox%3D%270%200%20679%20849%27%3E%3Crect%20width%3D%27679%27%20height%3D%27849%27%20fill-opacity%3D%220%22%2F%3E%3C%2Fsvg%3E\" data-srcset=\"https:\/\/keenher.com\/wp-content\/uploads\/2026\/01\/8-10x12.jpg 10w, https:\/\/keenher.com\/wp-content\/uploads\/2026\/01\/8-200x250.jpg 200w, https:\/\/keenher.com\/wp-content\/uploads\/2026\/01\/8-240x300.jpg 240w, https:\/\/keenher.com\/wp-content\/uploads\/2026\/01\/8-400x500.jpg 400w, https:\/\/keenher.com\/wp-content\/uploads\/2026\/01\/8-500x625.jpg 500w, https:\/\/keenher.com\/wp-content\/uploads\/2026\/01\/8-600x750.jpg 600w, https:\/\/keenher.com\/wp-content\/uploads\/2026\/01\/8.jpg 679w\" data-sizes=\"auto\" data-orig-sizes=\"(max-width: 679px) 100vw, 679px\" \/><\/td>\n<td><img decoding=\"async\" class=\"lazyload alignnone size-full wp-image-1399\" src=\"https:\/\/keenher.com\/wp-content\/uploads\/2026\/01\/2.jpg\" data-orig-src=\"https:\/\/keenher.com\/wp-content\/uploads\/2026\/01\/2.jpg\" alt=\"\" width=\"679\" height=\"849\" srcset=\"data:image\/svg+xml,%3Csvg%20xmlns%3D%27http%3A%2F%2Fwww.w3.org%2F2000%2Fsvg%27%20width%3D%27679%27%20height%3D%27849%27%20viewBox%3D%270%200%20679%20849%27%3E%3Crect%20width%3D%27679%27%20height%3D%27849%27%20fill-opacity%3D%220%22%2F%3E%3C%2Fsvg%3E\" data-srcset=\"https:\/\/keenher.com\/wp-content\/uploads\/2026\/01\/2-10x12.jpg 10w, https:\/\/keenher.com\/wp-content\/uploads\/2026\/01\/2-200x250.jpg 200w, https:\/\/keenher.com\/wp-content\/uploads\/2026\/01\/2-240x300.jpg 240w, https:\/\/keenher.com\/wp-content\/uploads\/2026\/01\/2-400x500.jpg 400w, https:\/\/keenher.com\/wp-content\/uploads\/2026\/01\/2-500x625.jpg 500w, https:\/\/keenher.com\/wp-content\/uploads\/2026\/01\/2-600x750.jpg 600w, https:\/\/keenher.com\/wp-content\/uploads\/2026\/01\/2.jpg 679w\" data-sizes=\"auto\" data-orig-sizes=\"(max-width: 679px) 100vw, 679px\" \/><\/td>\n<\/tr>\n<tr>\n<td><\/td>\n<td><\/td>\n<\/tr>\n<\/tbody>\n<\/table>","protected":false},"excerpt":{"rendered":"<ul>\n<li>Materiale: Rete\/Tessuto: Non elastico<\/li>\n<li>Dettagli: Ricamo, velatura<\/li>\n<li>Tipo di reggiseno: Con ferretto\/Tipo di mutandina: Perizoma e stringhe a V<\/li>\n<li>Pettorale: Nessuna imbottitura<\/li>\n<li>Istruzioni per la cura: Lavare a mano, non lavare a secco<\/li>\n<\/ul>","protected":false},"featured_media":1401,"comment_status":"open","ping_status":"closed","template":"","meta":{"_acf_changed":false,"_uag_custom_page_level_css":""},"product_brand":[],"product_cat":[89],"product_tag":[],"class_list":{"0":"post-1441","1":"product","2":"type-product","3":"status-publish","4":"has-post-thumbnail","6":"product_cat-minimizer-bras","8":"first","9":"instock","10":"shipping-taxable","11":"product-type-simple"},"acf":[],"uagb_featured_image_src":{"full":["https:\/\/keenher.com\/wp-content\/uploads\/2026\/01\/4.jpg",679,849,false],"thumbnail":["https:\/\/keenher.com\/wp-content\/uploads\/2026\/01\/4-150x150.jpg",150,150,true],"medium":["https:\/\/keenher.com\/wp-content\/uploads\/2026\/01\/4-240x300.jpg",240,300,true],"medium_large":["https:\/\/keenher.com\/wp-content\/uploads\/2026\/01\/4.jpg",679,849,false],"large":["https:\/\/keenher.com\/wp-content\/uploads\/2026\/01\/4.jpg",679,849,false],"1536x1536":["https:\/\/keenher.com\/wp-content\/uploads\/2026\/01\/4.jpg",679,849,false],"2048x2048":["https:\/\/keenher.com\/wp-content\/uploads\/2026\/01\/4.jpg",679,849,false],"trp-custom-language-flag":["https:\/\/keenher.com\/wp-content\/uploads\/2026\/01\/4-10x12.jpg",10,12,true],"blog-large":["https:\/\/keenher.com\/wp-content\/uploads\/2026\/01\/4-669x272.jpg",669,272,true],"blog-medium":["https:\/\/keenher.com\/wp-content\/uploads\/2026\/01\/4-320x202.jpg",320,202,true],"recent-posts":["https:\/\/keenher.com\/wp-content\/uploads\/2026\/01\/4-679x441.jpg",679,441,true],"recent-works-thumbnail":["https:\/\/keenher.com\/wp-content\/uploads\/2026\/01\/4-66x66.jpg",66,66,true],"fusion-200":["https:\/\/keenher.com\/wp-content\/uploads\/2026\/01\/4-200x250.jpg",200,250,true],"fusion-400":["https:\/\/keenher.com\/wp-content\/uploads\/2026\/01\/4-400x500.jpg",400,500,true],"fusion-600":["https:\/\/keenher.com\/wp-content\/uploads\/2026\/01\/4-600x750.jpg",600,750,true],"fusion-800":["https:\/\/keenher.com\/wp-content\/uploads\/2026\/01\/4.jpg",679,849,false],"fusion-1200":["https:\/\/keenher.com\/wp-content\/uploads\/2026\/01\/4.jpg",679,849,false],"portfolio-full":["https:\/\/keenher.com\/wp-content\/uploads\/2026\/01\/4-679x400.jpg",679,400,true],"portfolio-one":["https:\/\/keenher.com\/wp-content\/uploads\/2026\/01\/4-540x272.jpg",540,272,true],"portfolio-two":["https:\/\/keenher.com\/wp-content\/uploads\/2026\/01\/4-460x295.jpg",460,295,true],"portfolio-three":["https:\/\/keenher.com\/wp-content\/uploads\/2026\/01\/4-300x214.jpg",300,214,true],"portfolio-five":["https:\/\/keenher.com\/wp-content\/uploads\/2026\/01\/4-177x142.jpg",177,142,true],"woocommerce_thumbnail":["https:\/\/keenher.com\/wp-content\/uploads\/2026\/01\/4-500x625.jpg",500,625,true],"woocommerce_single":["https:\/\/keenher.com\/wp-content\/uploads\/2026\/01\/4.jpg",679,849,false],"woocommerce_gallery_thumbnail":["https:\/\/keenher.com\/wp-content\/uploads\/2026\/01\/4-200x200.jpg",200,200,true]},"uagb_author_info":{"display_name":"cuids@gmail.com","author_link":"https:\/\/keenher.com\/it\/author\/"},"uagb_comment_info":0,"uagb_excerpt":"Material: Mesh\/Fabric: Non-Stretch Details: Embroidery, Sheer Bra Type: Underwire\/Panty Type: Thongs &amp; V-Strings Chest pad: No Padding Care Instructions: Hand wash,do not dry clean","_links":{"self":[{"href":"https:\/\/keenher.com\/it\/wp-json\/wp\/v2\/product\/1441","targetHints":{"allow":["GET"]}}],"collection":[{"href":"https:\/\/keenher.com\/it\/wp-json\/wp\/v2\/product"}],"about":[{"href":"https:\/\/keenher.com\/it\/wp-json\/wp\/v2\/types\/product"}],"replies":[{"embeddable":true,"href":"https:\/\/keenher.com\/it\/wp-json\/wp\/v2\/comments?post=1441"}],"wp:featuredmedia":[{"embeddable":true,"href":"https:\/\/keenher.com\/it\/wp-json\/wp\/v2\/media\/1401"}],"wp:attachment":[{"href":"https:\/\/keenher.com\/it\/wp-json\/wp\/v2\/media?parent=1441"}],"wp:term":[{"taxonomy":"product_brand","embeddable":true,"href":"https:\/\/keenher.com\/it\/wp-json\/wp\/v2\/product_brand?post=1441"},{"taxonomy":"product_cat","embeddable":true,"href":"https:\/\/keenher.com\/it\/wp-json\/wp\/v2\/product_cat?post=1441"},{"taxonomy":"product_tag","embeddable":true,"href":"https:\/\/keenher.com\/it\/wp-json\/wp\/v2\/product_tag?post=1441"}],"curies":[{"name":"wp","href":"https:\/\/api.w.org\/{rel}","templated":true}]}}